{"id":75,"date":"2020-06-26T11:58:07","date_gmt":"2020-06-26T11:58:07","guid":{"rendered":"https:\/\/trotzdem.org\/?page_id=75"},"modified":"2020-09-01T09:23:45","modified_gmt":"2020-09-01T09:23:45","slug":"impressum","status":"publish","type":"page","link":"https:\/\/trotzdem.org\/?page_id=75","title":{"rendered":"Impressum"},"content":{"rendered":"\t\t<div data-elementor-type=\"wp-page\" data-elementor-id=\"75\" class=\"elementor elementor-75\">\n\t\t\t\t\t\t<div class=\"elementor-inner\">\n\t\t\t\t<div class=\"elementor-section-wrap\">\n\t\t\t\t\t\t\t\t\t<section class=\"elementor-section elementor-top-section elementor-element elementor-element-ad1f85d elementor-section-boxed elementor-section-height-default elementor-section-height-default\" data-id=\"ad1f85d\" data-element_type=\"section\">\n\t\t\t\t\t\t<div class=\"elementor-container elementor-column-gap-default\">\n\t\t\t\t\t\t\t<div class=\"elementor-row\">\n\t\t\t\t\t<div class=\"elementor-column elementor-col-100 elementor-top-column elementor-element elementor-element-70d4208\" data-id=\"70d4208\" data-element_type=\"column\">\n\t\t\t<div class=\"elementor-column-wrap elementor-element-populated\">\n\t\t\t\t\t\t\t<div class=\"elementor-widget-wrap\">\n\t\t\t\t\t\t<div class=\"elementor-element elementor-element-df5f3a0 elementor-widget elementor-widget-text-editor\" data-id=\"df5f3a0\" data-element_type=\"widget\" data-widget_type=\"text-editor.default\">\n\t\t\t\t<div class=\"elementor-widget-container\">\n\t\t\t\t\t\t\t\t<div class=\"elementor-text-editor elementor-clearfix\">\n\t\t\t\t<p>trotzDEM.org ist die Online-Plattform der Demenzaktivistin Helga Rohra.<\/p><p><strong>Webseitenbetreiberin und Ansprechperson<br \/>dieser Webseite gem\u00e4\u00df \u00a75 Telemediengesetz ist:<\/strong><\/p><p><strong>trotzDEM.org | Helga Rohra<br \/><\/strong>Stiftsbogen 31<br \/>81375 M\u00fcnchen<\/p><p><small><strong>Copyright<\/strong>\u00a0\u00a9\u00a0<strong>2020\u00a0 <\/strong>\u2013 Unsere Textbeitr\u00e4ge, Grafiken und Bildmaterialen sind urheberrechtlich gesch\u00fctzt.<\/small><\/p><div>Im Falle von wettbewerbsrechtlichen oder \u00e4hnlichen Problemen bitten wir Sie, zur Vermeidung unn\u00f6tiger Rechtsstreitigkeiten und deren Kosten, uns bereits im Vorfeld zu kontaktieren.<\/div><div>Die Kostennote einer anwaltlichen Abmahnung ohne vorherige Kontaktaufnahme mit uns, wird im Sinne der Schadenminderungspflicht \u00a7 254 Abs. 2 BGB als unbegr\u00fcndet zur\u00fcckgewiesen.<\/div><div>\u00a0<\/div><div><small>Webseitengestaltung:\u00a0<a style=\"font-family: var( --e-global-typography-text-font-family ); font-weight: var( --e-global-typography-text-font-weight );\" href=\"https:\/\/baudissin.studio\" target=\"_blank\" rel=\"noopener\">Baudissin.Studio<\/a><\/small><\/div>\t\t\t\t\t<\/div>\n\t\t\t\t\t\t<\/div>\n\t\t\t\t<\/div>\n\t\t\t\t\t\t<\/div>\n\t\t\t\t\t<\/div>\n\t\t<\/div>\n\t\t\t\t\t\t\t\t<\/div>\n\t\t\t\t\t<\/div>\n\t\t<\/section>\n\t\t\t\t<section class=\"elementor-section elementor-top-section elementor-element elementor-element-3fa5f9af elementor-section-boxed elementor-section-height-default elementor-section-height-default\" data-id=\"3fa5f9af\" data-element_type=\"section\">\n\t\t\t\t\t\t<div class=\"elementor-container elementor-column-gap-default\">\n\t\t\t\t\t\t\t<div class=\"elementor-row\">\n\t\t\t\t\t<div class=\"elementor-column elementor-col-100 elementor-top-column elementor-element elementor-element-6db1eda0\" data-id=\"6db1eda0\" data-element_type=\"column\">\n\t\t\t<div class=\"elementor-column-wrap elementor-element-populated\">\n\t\t\t\t\t\t\t<div class=\"elementor-widget-wrap\">\n\t\t\t\t\t\t<div class=\"elementor-element elementor-element-43a3d548 elementor-widget elementor-widget-image\" data-id=\"43a3d548\" data-element_type=\"widget\" data-widget_type=\"image.default\">\n\t\t\t\t<div class=\"elementor-widget-container\">\n\t\t\t\t\t\t\t\t<div class=\"elementor-image\">\n\t\t\t\t\t\t\t\t\t\t\t\t<img width=\"1\" height=\"1\" src=\"https:\/\/trotzdem.org\/wp-content\/uploads\/2020\/07\/Helga_Rohra_trotzDEM_Logo-2.svg\" class=\"attachment-large size-large\" alt=\"\" loading=\"lazy\" \/>\t\t\t\t\t\t\t\t\t\t\t\t\t\t<\/div>\n\t\t\t\t\t\t<\/div>\n\t\t\t\t<\/div>\n\t\t\t\t<div class=\"elementor-element elementor-element-47f960dc elementor-nav-menu__align-center elementor-nav-menu--dropdown-tablet elementor-nav-menu__text-align-aside elementor-nav-menu--toggle elementor-nav-menu--burger elementor-widget elementor-widget-nav-menu\" data-id=\"47f960dc\" data-element_type=\"widget\" data-settings=\"{&quot;layout&quot;:&quot;horizontal&quot;,&quot;submenu_icon&quot;:{&quot;value&quot;:&quot;&lt;i class=\\&quot;fas fa-caret-down\\&quot;&gt;&lt;\\\/i&gt;&quot;,&quot;library&quot;:&quot;fa-solid&quot;},&quot;toggle&quot;:&quot;burger&quot;}\" data-widget_type=\"nav-menu.default\">\n\t\t\t\t<div class=\"elementor-widget-container\">\n\t\t\t\t\t\t<nav migration_allowed=\"1\" migrated=\"0\" role=\"navigation\" class=\"elementor-nav-menu--main elementor-nav-menu__container elementor-nav-menu--layout-horizontal e--pointer-none\">\n\t\t\t\t<ul id=\"menu-1-47f960dc\" class=\"elementor-nav-menu\"><li class=\"menu-item menu-item-type-post_type menu-item-object-page menu-item-94\"><a href=\"https:\/\/trotzdem.org\/?page_id=22\" class=\"elementor-item\">Startseite<\/a><\/li>\n<li class=\"menu-item menu-item-type-post_type menu-item-object-page menu-item-privacy-policy menu-item-95\"><a href=\"https:\/\/trotzdem.org\/?page_id=55\" class=\"elementor-item\">Datenschutzerkl\u00e4rung<\/a><\/li>\n<li class=\"menu-item menu-item-type-post_type menu-item-object-page menu-item-97\"><a href=\"https:\/\/trotzdem.org\/?page_id=75\" class=\"elementor-item\">Impressum<\/a><\/li>\n<li class=\"menu-item menu-item-type-post_type menu-item-object-page menu-item-205\"><a href=\"https:\/\/trotzdem.org\/?page_id=204\" class=\"elementor-item\">Cookie-Richtlinie (EU)<\/a><\/li>\n<\/ul>\t\t\t<\/nav>\n\t\t\t\t\t<div class=\"elementor-menu-toggle\" role=\"button\" tabindex=\"0\" aria-label=\"Menu Toggle\" aria-expanded=\"false\">\n\t\t\t<i aria-hidden=\"true\" role=\"presentation\" class=\"elementor-menu-toggle__icon--open eicon-menu-bar\"><\/i><i aria-hidden=\"true\" role=\"presentation\" class=\"elementor-menu-toggle__icon--close eicon-close\"><\/i>\t\t\t<span class=\"elementor-screen-only\">Menu<\/span>\n\t\t<\/div>\n\t\t\t<nav class=\"elementor-nav-menu--dropdown elementor-nav-menu__container\" role=\"navigation\" aria-hidden=\"true\">\n\t\t\t\t<ul id=\"menu-2-47f960dc\" class=\"elementor-nav-menu\"><li class=\"menu-item menu-item-type-post_type menu-item-object-page menu-item-94\"><a href=\"https:\/\/trotzdem.org\/?page_id=22\" class=\"elementor-item\" tabindex=\"-1\">Startseite<\/a><\/li>\n<li class=\"menu-item menu-item-type-post_type menu-item-object-page menu-item-privacy-policy menu-item-95\"><a href=\"https:\/\/trotzdem.org\/?page_id=55\" class=\"elementor-item\" tabindex=\"-1\">Datenschutzerkl\u00e4rung<\/a><\/li>\n<li class=\"menu-item menu-item-type-post_type menu-item-object-page menu-item-97\"><a href=\"https:\/\/trotzdem.org\/?page_id=75\" class=\"elementor-item\" tabindex=\"-1\">Impressum<\/a><\/li>\n<li class=\"menu-item menu-item-type-post_type menu-item-object-page menu-item-205\"><a href=\"https:\/\/trotzdem.org\/?page_id=204\" class=\"elementor-item\" tabindex=\"-1\">Cookie-Richtlinie (EU)<\/a><\/li>\n<\/ul>\t\t\t<\/nav>\n\t\t\t\t<\/div>\n\t\t\t\t<\/div>\n\t\t\t\t<div class=\"elementor-element elementor-element-6814b946 elementor-widget elementor-widget-text-editor\" data-id=\"6814b946\" data-element_type=\"widget\" data-widget_type=\"text-editor.default\">\n\t\t\t\t<div class=\"elementor-widget-container\">\n\t\t\t\t\t\t\t\t<div class=\"elementor-text-editor elementor-clearfix\">\n\t\t\t\t<p>\u00a9 2020 trotzDEM.org | Helga Rohra \u2022 Alle Rechte vorbehalten<\/p>\t\t\t\t\t<\/div>\n\t\t\t\t\t\t<\/div>\n\t\t\t\t<\/div>\n\t\t\t\t\t\t<\/div>\n\t\t\t\t\t<\/div>\n\t\t<\/div>\n\t\t\t\t\t\t\t\t<\/div>\n\t\t\t\t\t<\/div>\n\t\t<\/section>\n\t\t\t\t\t\t\t\t\t<\/div>\n\t\t\t<\/div>\n\t\t\t\t\t<\/div>\n\t\t","protected":false},"excerpt":{"rendered":"<p>trotzDEM.org ist die Online-Plattform der Demenzaktivistin Helga Rohra. Webseitenbetreiberin und Ansprechpersondieser Webseite gem\u00e4\u00df \u00a75 Telemediengesetz ist: trotzDEM.org | Helga RohraStiftsbogen 3181375 M\u00fcnchen Copyright\u00a0\u00a9\u00a02020\u00a0 \u2013 Unsere Textbeitr\u00e4ge, Grafiken und Bildmaterialen sind urheberrechtlich gesch\u00fctzt. Im Falle von wettbewerbsrechtlichen oder \u00e4hnlichen Problemen bitten wir Sie, zur Vermeidung unn\u00f6tiger Rechtsstreitigkeiten und deren Kosten, uns bereits im Vorfeld zu kontaktieren.Die [&hellip;]<\/p>\n","protected":false},"author":3,"featured_media":0,"parent":0,"menu_order":0,"comment_status":"closed","ping_status":"closed","template":"","meta":[],"_links":{"self":[{"href":"https:\/\/trotzdem.org\/index.php?rest_route=\/wp\/v2\/pages\/75"}],"collection":[{"href":"https:\/\/trotzdem.org\/index.php?rest_route=\/wp\/v2\/pages"}],"about":[{"href":"https:\/\/trotzdem.org\/index.php?rest_route=\/wp\/v2\/types\/page"}],"author":[{"embeddable":true,"href":"https:\/\/trotzdem.org\/index.php?rest_route=\/wp\/v2\/users\/3"}],"replies":[{"embeddable":true,"href":"https:\/\/trotzdem.org\/index.php?rest_route=%2Fwp%2Fv2%2Fcomments&post=75"}],"version-history":[{"count":12,"href":"https:\/\/trotzdem.org\/index.php?rest_route=\/wp\/v2\/pages\/75\/revisions"}],"predecessor-version":[{"id":325,"href":"https:\/\/trotzdem.org\/index.php?rest_route=\/wp\/v2\/pages\/75\/revisions\/325"}],"wp:attachment":[{"href":"https:\/\/trotzdem.org\/index.php?rest_route=%2Fwp%2Fv2%2Fmedia&parent=75"}],"curies":[{"name":"wp","href":"https:\/\/api.w.org\/{rel}","templated":true}]}}